{"id":2224,"date":"2021-06-10T11:57:09","date_gmt":"2021-06-10T09:57:09","guid":{"rendered":"https:\/\/wtspatent.pl\/?page_id=2224"},"modified":"2021-06-10T14:58:35","modified_gmt":"2021-06-10T12:58:35","slug":"filmy-nagrania-i-inne","status":"publish","type":"page","link":"https:\/\/wtspatent.pl\/en\/publikacje\/filmy-nagrania-i-inne\/","title":{"rendered":"Movies, Recordings, and Others"},"content":{"rendered":"<p><strong>MOVIES:<\/strong><\/p>\n<ol>\n<li><a class=\"yt-uix-sessionlink yt-uix-tile-link yt-ui-ellipsis yt-ui-ellipsis-2 spf-link \" dir=\"ltr\" style=\"color: #167ac6;\" title=\"WTS Patent Attorneys, AIPLA's \" href=\"https:\/\/www.youtube.com\/watch?v=fij42y6yMxA\" rel=\"spf-prefetch\" data-sessionlink=\"itct=CB0Q3DAYACITCISDg-Sh1sgCFYvAHQodxY4Nayj0JFIKd3RzIHBhdGVudA\">WTS Patent Attorneys, AIPLA&#8217;s &#8220;Women in IP Law&#8221; event<\/a><\/li>\n<li><a class=\"yt-uix-sessionlink yt-uix-tile-link yt-ui-ellipsis yt-ui-ellipsis-2 spf-link \" dir=\"ltr\" style=\"color: #167ac6;\" title=\"WTS Patent Attorneys, How we work\" href=\"https:\/\/www.youtube.com\/watch?v=xVmMUfWHAYU\" rel=\"spf-prefetch\" data-sessionlink=\"itct=CBwQ3DAYASITCISDg-Sh1sgCFYvAHQodxY4Nayj0JFIKd3RzIHBhdGVudA\">WTS Patent Attorneys, How we work<\/a><\/li>\n<li><a class=\"yt-uix-sessionlink yt-uix-tile-link yt-ui-ellipsis yt-ui-ellipsis-2 spf-link \" dir=\"ltr\" style=\"color: #167ac6;\" title=\"Ile patent\u00f3w w dziedzinie biotechnologii udaje si\u0119 uzyska\u0107 w ci\u0105gu roku? - Rafa\u0142 Witek\" href=\"https:\/\/www.youtube.com\/watch?v=726jGrd2o7s\" rel=\"spf-prefetch\" data-sessionlink=\"itct=CBkQ3DAYAyITCISDg-Sh1sgCFYvAHQodxY4Nayj0JFIKd3RzIHBhdGVudA\">Ile patent\u00f3w w dziedzinie biotechnologii udaje si\u0119 uzyska\u0107 w ci\u0105gu roku? (How many patents in the area an biotechnology can be obtained during one year?)<\/a>\u00a0&#8211; Rafa\u0142 Witek for Bio-Tech Media during BioForum 2015<\/li>\n<li><a class=\"yt-uix-sessionlink yt-uix-tile-link yt-ui-ellipsis yt-ui-ellipsis-2 spf-link \" dir=\"ltr\" style=\"color: #167ac6;\" title=\"Patenty w bran\u017cy biotechnologicznej\" href=\"https:\/\/www.youtube.com\/watch?v=e_HP9Uc7THg\" rel=\"spf-prefetch\" data-sessionlink=\"itct=CBYQ3DAYBiITCISDg-Sh1sgCFYvAHQodxY4Nayj0JFIKd3RzIHBhdGVudA\">Patenty w bran\u017cy biotechnologicznej (Patents in the Biotech Sector)<\/a>\u00a0&#8211; Rafa\u0142 Witek for Bio-Tech Media during BioForum 2015<\/li>\n<li><a class=\"yt-uix-sessionlink yt-uix-tile-link yt-ui-ellipsis yt-ui-ellipsis-2 spf-link \" dir=\"ltr\" style=\"color: #167ac6;\" title=\"Patenty w bran\u017cy biotechnologicznej\" href=\"https:\/\/www.youtube.com\/watch?v=RpC508DknVk&amp;t=3s\" rel=\"spf-prefetch\" data-sessionlink=\"itct=CBYQ3DAYBiITCISDg-Sh1sgCFYvAHQodxY4Nayj0JFIKd3RzIHBhdGVudA\">The Makeover of our Warsaw Office (2020)<\/a><\/li>\n<\/ol>\n<p>&nbsp;<\/p>\n<p><strong>RECORDINGS:<\/strong><\/p>\n<ul>\n<li><a href=\"http:\/\/www.polskieradio.pl\/130\/2351\/Artykul\/869004,Patent-na-ludzkie-DNA\">Rafa\u0142 Witek w audycji Polskiego Radia opowiada o&nbsp;zmianach w praktyce USPTO dotycz\u0105cych patentowania wynalazk\u00f3w biotechnologicznych<\/a>\u00a0(06\/2013) &#8211; only Polish language available<\/li>\n<\/ul>\n<p>&nbsp;<\/p>\n<p><strong>OTHERS:\u00a0<\/strong><\/p>\n<ul>\n<li><a href=\"https:\/\/wtspatent.pl\/wp-content\/uploads\/2021\/06\/20210609_AIPPI_RW.pdf\">Presentation 06\/09\/2021: the webinar hosted by AIPPI Poland &#8220;The proposed \u2018suspension\u2019 of intellectual property rights in the time of Covid-19: facts and myths&#8221;<\/a><\/li>\n<\/ul>\n<p><\/p>","protected":false},"excerpt":{"rendered":"<p>MOVIES: WTS Patent Attorneys, AIPLA&#8217;s &#8220;Women in IP Law&#8221; event WTS Patent Attorneys, How we work Ile patent\u00f3w w dziedzinie biotechnologii udaje si\u0119 uzyska\u0107 w ci\u0105gu roku? (How many patents in the area an biotechnology can be obtained during one year?)\u00a0&#8211; Rafa\u0142 Witek for Bio-Tech Media during BioForum 2015 Patenty w bran\u017cy biotechnologicznej (Patents in [&hellip;]<\/p>\n","protected":false},"author":2,"featured_media":0,"parent":2104,"menu_order":3,"comment_status":"closed","ping_status":"closed","template":"","meta":{"protect_children":false,"footnotes":""},"_links":{"self":[{"href":"https:\/\/wtspatent.pl\/en\/wp-json\/wp\/v2\/pages\/2224"}],"collection":[{"href":"https:\/\/wtspatent.pl\/en\/wp-json\/wp\/v2\/pages"}],"about":[{"href":"https:\/\/wtspatent.pl\/en\/wp-json\/wp\/v2\/types\/page"}],"author":[{"embeddable":true,"href":"https:\/\/wtspatent.pl\/en\/wp-json\/wp\/v2\/users\/2"}],"replies":[{"embeddable":true,"href":"https:\/\/wtspatent.pl\/en\/wp-json\/wp\/v2\/comments?post=2224"}],"version-history":[{"count":4,"href":"https:\/\/wtspatent.pl\/en\/wp-json\/wp\/v2\/pages\/2224\/revisions"}],"predecessor-version":[{"id":2236,"href":"https:\/\/wtspatent.pl\/en\/wp-json\/wp\/v2\/pages\/2224\/revisions\/2236"}],"up":[{"embeddable":true,"href":"https:\/\/wtspatent.pl\/en\/wp-json\/wp\/v2\/pages\/2104"}],"wp:attachment":[{"href":"https:\/\/wtspatent.pl\/en\/wp-json\/wp\/v2\/media?parent=2224"}],"curies":[{"name":"wp","href":"https:\/\/api.w.org\/{rel}","templated":true}]}}