{"id":2410,"date":"2022-05-26T14:20:00","date_gmt":"2022-05-26T12:20:00","guid":{"rendered":"https:\/\/wtspatent.pl\/?page_id=2410"},"modified":"2026-01-31T17:41:15","modified_gmt":"2026-01-31T16:41:15","slug":"wyroznienia-i-rekomendacje","status":"publish","type":"page","link":"https:\/\/wtspatent.pl\/en\/wyroznienia-i-rekomendacje\/","title":{"rendered":"Recommendations"},"content":{"rendered":"<p>The top quality of services provided by WTS, expertise and extensive experience of members of its team are recognized in a&nbsp;number of prestigious professional rankings. Below we are presenting a&nbsp;selection of awards and distinctions that we have been granted:<\/p>\n<p>&nbsp;<\/p>\n<h4>Financial Times Europe&#8217;s Leading Patent Law Firms<\/h4>\n<ul>\n<li><a href=\"https:\/\/wtspatent.pl\/en\/news\/sukces-naszej-kancelarii-w-rankingu-financial-times-europes-leading-patent-law-firms\/\">2025<\/a>: WTS recommended<\/li>\n<li><a href=\"https:\/\/wtspatent.pl\/en\/news\/kancelaria-wts-rzecznicy-patentowi-ponownie-wyrozniona-w-rankingu-financial-times-europes-leading-patent-law-firms\/\">2024<\/a>: WTS recommended<\/li>\n<li><a href=\"https:\/\/wtspatent.pl\/en\/news\/kancelaria-wts-rzecznicy-patentowi-ponownie-wyrozniona-jako-jedna-z-wiodacych-europejskich-firm-patentowych-w-rankingu-financial-times\/\">2023<\/a>: WTS recommended<\/li>\n<li><a href=\"https:\/\/wtspatent.pl\/en\/news\/wts-wyroznione-w-najnowszej-edycji-rankingu-financial-times-europes-leading-patent-law-firms\/\">2022<\/a>: WTS recommended<\/li>\n<li><a href=\"https:\/\/wtspatent.pl\/news\/wts-rzecznicy-patentowi-w-gronie-wiodacych-europejskich-kancelarii-patentowych-wedlug-najnowszego-rankingu-financial-times\/\">2021<\/a>: WTS recommended<\/li>\n<li>2020: WTS recommended<\/li>\n<li><a href=\"https:\/\/wtspatent.pl\/news\/nasza-kancelaria-w-gronie-wiodacych-europejskich-kancelarii-patentowych-wskazanych-w-raporcie-magazynu-financial-times\/\">2019<\/a>: WTS recommended<\/li>\n<\/ul>\n<p>&nbsp;<\/p>\n<h4>Global IP Awards (IAM, WTR)<\/h4>\n<ul>\n<li><a href=\"https:\/\/wtspatent.pl\/news\/english-wts-rzecznicy-patentowi-wskazane-w-rankingu-iam-i-wtr-jako-polska-firma-specjalizujaca-sie-w-postepowaniach-patentowych-roku-2020\/\">2020<\/a>: WTS recognized as Poland Patent Prosecution Firm of the Year 2020<\/li>\n<\/ul>\n<p>&nbsp;<\/p>\n<h4>The badge &#8220;For the Merits in Inventiveness&#8221;<\/h4>\n<ul>\n<li><a href=\"https:\/\/wtspatent.pl\/news\/piotr-adamczyk-uhonorowany-odznaka-za-zaslugi-dla-wynalazczosci\/\">2022<\/a>: Piotr Adamczyk<\/li>\n<li><a href=\"https:\/\/wtspatent.pl\/news\/rafal-witek-otrzymal-odznake-honorowa-za-zaslugi-dla-wynalazczosci\/\">2021<\/a>: Rafa\u0142 Witek<\/li>\n<\/ul>\n<p>&nbsp;<\/p>\n<h4>The Bronze Cross of Merit awarded by President of Poland<\/h4>\n<ul>\n<li><a href=\"https:\/\/wtspatent.pl\/en\/news\/anna-gdula-i-piotr-adamczyk-odznaczeni-brazowym-krzyzem-zaslugi-nadawanym-przez-prezydenta-rp\/\">2022<\/a>: Anna Gdula and Piotr Adamczyk<\/li>\n<\/ul>\n<p>&nbsp;<\/p>\n<h4>The badge of merit in recognition of contributions to the\u00a0Polish Chamber of Patent Attorneys<\/h4>\n<ul>\n<li>2022: Anna Gdula<\/li>\n<\/ul>\n<p>&nbsp;<\/p>\n<h4>IAM Global Leaders Guide<\/h4>\n<ul>\n<li>2024: Andrzej Witek and Rafa\u0142 Witek<\/li>\n<li><a href=\"https:\/\/wtspatent.pl\/news\/rafal-witek-i-andrzej-witek-w-iam-global-leaders-guide-2022\/\">2022<\/a>: Andrzej Witek and Rafa\u0142 Witek<\/li>\n<li>2021: Andrzej Witek and Rafa\u0142 Witek<\/li>\n<li><a href=\"https:\/\/wtspatent.pl\/news\/english-rafal-witek-has-been-recognized-in-the-prestigious-iam-global-leaders-2020-guide\/\">2020<\/a>: Rafa\u0142 Witek<\/li>\n<\/ul>\n<p>&nbsp;<\/p>\n<h4>WTR 1000<\/h4>\n<ul>\n<li><a href=\"https:\/\/wtspatent.pl\/en\/news\/agnieszka-sniezko-wyrozniona-w-rankingu-wtr-1000-2026\/\">2026<\/a>: Agnieszka \u015anie\u017cko<\/li>\n<li><a href=\"https:\/\/wtspatent.pl\/news\/agnieszka-sniezko-wyrozniona-w-rankingu-wtr-1000\/\">2021<\/a>: Agnieszka \u015anie\u017cko<\/li>\n<\/ul>\n<p>&nbsp;<\/p>\n<h4>IAM Patent 1000<\/h4>\n<ul>\n<li><a href=\"https:\/\/wtspatent.pl\/en\/news\/iam-patent-1000-nasza-kancelaria-wysoko-polecana-indywidualne-wyroznienia-dla-anny-gduli-andrzeja-witka-i-rafala-witka\/\">2025<\/a>: WTS highly recommended, individual distinctions for Rafa\u0142 Witek, Andrzej Witek, and Anna Gdula<\/li>\n<li><a href=\"https:\/\/wtspatent.pl\/en\/news\/iam-patent-1000-kolejny-sukces-kancelarii-wts-rzecznicy-patentowi\/\">2o24<\/a>: WTS highly recommended, individual distinctions for Rafa\u0142 Witek, Andrzej Witek, and Anna Gdula<\/li>\n<li><a href=\"https:\/\/wtspatent.pl\/en\/news\/iam-patent-1000-kancelaria-wts-wysoko-polecana-andrzej-witek-rafal-witek-i-anna-gdula-z-wyroznieniami-indywidualnymi\/\">2023<\/a>: WTS highly recommended, individual distinctions for Rafa\u0142 Witek, Andrzej Witek, and Anna Gdula<\/li>\n<li><a href=\"https:\/\/wtspatent.pl\/en\/news\/iam-patent-1000-wts-wysoko-polecane-wyroznienia-indywidualne-dla-rafala-witka-andrzeja-witka-i-anny-gduli\/\">2022<\/a>: WTS highly recommended, individual distinctions for Rafa\u0142 Witek, Andrzej Witek, and Anna Gdula<\/li>\n<li><a href=\"https:\/\/wtspatent.pl\/news\/wts-wysoko-polecane-w-rankingu-iam-patent-1000-wyroznienia-indywidualne-dla-rafala-witka-andrzeja-witka-i-anny-gduli\/\">2021<\/a>: WTS &#8220;highly recommended&#8221; in &#8220;Patent Prosecution&#8221;; individual distinctions for Anna Gdula, Andrzej Witek, and Rafa\u0142 Witek<\/li>\n<li><a href=\"https:\/\/wtspatent.pl\/news\/nasza-kancelaria-ponownie-wyrozniona-w-miedzynarodowym-rankingu-iam-patent-1000-the-worlds-leading-patent-professionals\/\">2019<\/a>: WTS recommended; individual distinctions for Rafa\u0142 Witek and Andrzej Witek<\/li>\n<li>2018: WTS recommended; individual distinctions for Rafa\u0142 Witek and Andrzej Witek<\/li>\n<li><a href=\"https:\/\/wtspatent.pl\/news\/nasza-kancelaria-ponownie-wyrozniona-w-miedzynarodowym-rankingu-prawnikow-zajmujacych-sie-prawem-patentowym-4\/\">2017<\/a>: WTS recommended; individual distinctions for Rafa\u0142 Witek and Andrzej Witek<\/li>\n<li><a href=\"https:\/\/wtspatent.pl\/news\/nasza-kancelaria-ponownie-wyrozniona-w-miedzynarodowym-rankingu-prawnikow-zajmujacych-sie-prawem-patentowym-3\/\">2016<\/a>: WTS recommended; individual distinctions for Rafa\u0142 Witek and Andrzej Witek<\/li>\n<li><a href=\"https:\/\/wtspatent.pl\/news\/nasza-kancelaria-ponownie-wyrozniona-w-miedzynarodowym-rankingu-prawnikow-zajmujacych-sie-prawem-patentowym-2\/\">2015<\/a>: WTS recommended; individual distinctions for Rafa\u0142 Witek and Andrzej Witek<\/li>\n<li><a href=\"https:\/\/wtspatent.pl\/news\/nasza-kancelaria-ponownie-wyrozniona-w-miedzynarodowym-rankingu-prawnikow-zajmujacych-sie-prawem-patentowym\/\">2014<\/a>: WTS recommended; individual distinctions for Rafa\u0142 Witek and Andrzej Witek<\/li>\n<li><a href=\"https:\/\/wtspatent.pl\/news\/nasza-kancelaria-zostala-wyrozniona-w-swiatowym-zestawieniu-prawnikow-zajmujacych-sie-prawem-patentowym\/\">2013<\/a>: WTS recommended; individual distinction for Rafa\u0142 Witek<\/li>\n<\/ul>\n<p>&nbsp;<\/p>\n<h4>IP Stars<\/h4>\n<ul>\n<li><a href=\"https:\/\/wtspatent.pl\/en\/news\/ip-stars-anna-rozkowicz-i-rafal-witek-jako-patent-stars-2025-krystian-zygadlo-jako-notable-practitioner-205\/\">2025<\/a>: WTS recommended in &#8220;Patent Prosecution&#8221; (tier 2); recognition of Anna Ro\u017ckowicz and Rafa\u0142 Witek as IP Stars 2025 and Krystian \u017bygad\u0142o as Notable Practitioner 2025<\/li>\n<li><a href=\"https:\/\/wtspatent.pl\/en\/news\/anna-rozkowicz-i-rafal-witek-wyroznieni-w-rankingu-ip-stars-2024\/\">2024<\/a>: WTS recommended in &#8220;Patent Prosecution&#8221; (tier 2); recognition of Anna Ro\u017ckowicz and Rafa\u0142 Witek as IP Stars 2024<\/li>\n<li><a href=\"https:\/\/wtspatent.pl\/en\/news\/anna-rozkowicz-i-rafal-witek-wyroznieni-w-rankingu-ip-stars-2023\/\">2023<\/a>: WTS recommended in &#8220;Patent Prosecution&#8221; (tier 2); recognition of Anna Ro\u017ckowicz and Rafa\u0142 Witek as IP Stars 2023<\/li>\n<li><a href=\"https:\/\/wtspatent.pl\/en\/news\/anna-rozkowicz-i-rafal-witek-wyroznieni-w-rankingu-ip-stars-2022\/\">2022<\/a>: recognition of Anna Ro\u017ckowicz and Rafa\u0142 Witek as Patent Stars 2022<\/li>\n<li><a href=\"https:\/\/wtspatent.pl\/news\/ip-stars-2021-kolejny-sukces-wts-oraz-rafala-witka\/\">2021<\/a>: WTS recommended in &#8220;Patent Prosecution&#8221;; the title Patent Star 2021 granted to Rafa\u0142 Witek<\/li>\n<li><a href=\"https:\/\/wtspatent.pl\/news\/nasza-kancelaria-wyrozniona-w-miedzynarodowym-rankingu-prawnikow-zajmujacych-sie-prawem-patentowym-ip-stars-2019\/\">2019<\/a>: WTS recommended; the title IP Star granted to Rafa\u0142 Witek<\/li>\n<li><a href=\"https:\/\/wtspatent.pl\/news\/nasza-kancelaria-zostala-ponownie-wyrozniona-w-miedzynarodowym-rankingu-prawnikow-zajmujacych-sie-prawem-patentowym\/\">2017<\/a>: recognition of Rafa\u0142 Witek<\/li>\n<\/ul>\n<p><\/p>","protected":false},"excerpt":{"rendered":"<p>The top quality of services provided by WTS, expertise and extensive experience of members of its team are recognized in a&nbsp;number of prestigious professional rankings. Below we are presenting a&nbsp;selection of awards and distinctions that we have been granted: &nbsp; Financial Times Europe&#8217;s Leading Patent Law Firms 2025: WTS recommended 2024: WTS recommended 2023: WTS [&hellip;]<\/p>\n","protected":false},"author":2,"featured_media":0,"parent":0,"menu_order":0,"comment_status":"closed","ping_status":"closed","template":"","meta":{"protect_children":false,"footnotes":""},"_links":{"self":[{"href":"https:\/\/wtspatent.pl\/en\/wp-json\/wp\/v2\/pages\/2410"}],"collection":[{"href":"https:\/\/wtspatent.pl\/en\/wp-json\/wp\/v2\/pages"}],"about":[{"href":"https:\/\/wtspatent.pl\/en\/wp-json\/wp\/v2\/types\/page"}],"author":[{"embeddable":true,"href":"https:\/\/wtspatent.pl\/en\/wp-json\/wp\/v2\/users\/2"}],"replies":[{"embeddable":true,"href":"https:\/\/wtspatent.pl\/en\/wp-json\/wp\/v2\/comments?post=2410"}],"version-history":[{"count":41,"href":"https:\/\/wtspatent.pl\/en\/wp-json\/wp\/v2\/pages\/2410\/revisions"}],"predecessor-version":[{"id":3334,"href":"https:\/\/wtspatent.pl\/en\/wp-json\/wp\/v2\/pages\/2410\/revisions\/3334"}],"wp:attachment":[{"href":"https:\/\/wtspatent.pl\/en\/wp-json\/wp\/v2\/media?parent=2410"}],"curies":[{"name":"wp","href":"https:\/\/api.w.org\/{rel}","templated":true}]}}